{"id":1318,"date":"2022-12-01T09:22:31","date_gmt":"2022-12-01T09:22:31","guid":{"rendered":"https:\/\/bmcglobal.net\/te-gustaria-trabajar-con-nosotros\/"},"modified":"2022-12-15T15:21:11","modified_gmt":"2022-12-15T15:21:11","slug":"tagradaria-treballar-amb-nosaltres","status":"publish","type":"page","link":"https:\/\/bmcglobal.net\/ca\/tagradaria-treballar-amb-nosaltres\/","title":{"rendered":"T&#8217;agradaria treballar amb nosaltres?"},"content":{"rendered":"\n<div class=\"wp-block-contact-form-7-contact-form-selector\">\n<div class=\"wpcf7 no-js\" id=\"wpcf7-f1361-o1\" lang=\"ca\" dir=\"ltr\" data-wpcf7-id=\"1361\">\n<div class=\"screen-reader-response\"><p role=\"status\" aria-live=\"polite\" aria-atomic=\"true\"><\/p> <ul><\/ul><\/div>\n<form action=\"\/ca\/wp-json\/wp\/v2\/pages\/1318#wpcf7-f1361-o1\" method=\"post\" class=\"wpcf7-form init wpcf7-acceptance-as-validation\" aria-label=\"Contact form\" enctype=\"multipart\/form-data\" novalidate=\"novalidate\" data-status=\"init\">\n<fieldset class=\"hidden-fields-container\"><input type=\"hidden\" name=\"_wpcf7\" value=\"1361\" \/><input type=\"hidden\" name=\"_wpcf7_version\" value=\"6.1.5\" \/><input type=\"hidden\" name=\"_wpcf7_locale\" value=\"ca\" \/><input type=\"hidden\" name=\"_wpcf7_unit_tag\" value=\"wpcf7-f1361-o1\" \/><input type=\"hidden\" name=\"_wpcf7_container_post\" value=\"0\" \/><input type=\"hidden\" name=\"_wpcf7_posted_data_hash\" value=\"\" \/>\n<\/fieldset>\n<div class=\"cont--title title-2\">\n\t<p>Envia'ns el teu CV!\n\t<\/p>\n<\/div>\n<p><span class=\"columns-two\"><br \/>\n<label for=\"nombre\" class=\"cont--input nombre\"><span class=\"label\">El teu nom*<\/span><span class=\"wpcf7-form-control-wrap\" data-name=\"your-name\"><input size=\"40\" maxlength=\"400\" class=\"wpcf7-form-control wpcf7-text wpcf7-validates-as-required\" id=\"nombre\" aria-required=\"true\" aria-invalid=\"false\" placeholder=\"&nbsp;\" value=\"\" type=\"text\" name=\"your-name\" \/><\/span><\/label><br \/>\n<label for=\"email\" class=\"cont--input email\"><span class=\"label\">El teu e-mail*<\/span><span class=\"wpcf7-form-control-wrap\" data-name=\"your-email\"><input size=\"40\" maxlength=\"400\" class=\"wpcf7-form-control wpcf7-email wpcf7-validates-as-required wpcf7-text wpcf7-validates-as-email\" id=\"email\" aria-required=\"true\" aria-invalid=\"false\" placeholder=\"&nbsp;\" value=\"\" type=\"email\" name=\"your-email\" \/><\/span><\/label><br \/>\n<label for=\"mensaje\" class=\"cont--input mensaje\"><span class=\"label\">El teu missatge<\/span><span class=\"wpcf7-form-control-wrap\" data-name=\"your-message\"><input size=\"40\" maxlength=\"400\" class=\"wpcf7-form-control wpcf7-text\" id=\"mensaje\" aria-invalid=\"false\" placeholder=\"&nbsp;\" value=\"\" type=\"text\" name=\"your-message\" \/><\/span><\/label><br \/>\n<label for=\"cv\" class=\"cont--input cv\"><span class=\"label\">Adjuntar CV*<\/span><span class=\"wpcf7-form-control-wrap\" data-name=\"cv\"><input size=\"40\" class=\"wpcf7-form-control wpcf7-file wpcf7-validates-as-required\" id=\"cv\" accept=\".doc,.docx,.pdf,.odt\" aria-required=\"true\" aria-invalid=\"false\" type=\"file\" name=\"cv\" \/><\/span><\/label><br \/>\n<\/span><br \/>\n<span class=\"cont--input-checkbox\"><br \/>\n<label class=\"cbx politica\" for=\"politica\"><span><\/span><span>Acepto la recogida de mis datos y la <a href=\"\/ca\/politica-privacidad\/\">pol\u00edtica de privacidad<\/a><\/span><\/label><br \/>\n<span class=\"wpcf7-form-control-wrap\" data-name=\"accept-this-1\"><span class=\"wpcf7-form-control wpcf7-acceptance\"><span class=\"wpcf7-list-item\"><input type=\"checkbox\" name=\"accept-this-1\" value=\"1\" class=\"inp-cbx\" id=\"politica\" aria-invalid=\"false\" \/><\/span><\/span><\/span><br \/>\n<\/span><br \/>\n<small>\"En nom de l'empresa tractem la informaci\u00f3 que ens facilita per tal de participar als nostres processos de selecci\u00f3 de personal. En cas de ser seleccionat per a la fase seg\u00fcent us comunicarem aquesta decisi\u00f3. Les dades per Ud. proporcionades es conservaran durant un temps m\u00e0xim d'1 any, passat el qual seran eliminades. En tot cas teniu dret a accedir a les vostres dades personals, rectificar les dades inexactes o sol\u00b7licitar-ne la supressi\u00f3. Les dades no es cediran a tercers.\"<\/small><br \/>\n<small>Aquest lloc est\u00e0 protegit per reCAPTCHA i Google <a href=\"https:\/\/policies.google.com\/privacy\">Pol\u00edtica de privacitat<\/a> i s'apliquen<a href=\"https:\/\/policies.google.com\/terms\"> Condicions del servei<\/a>.<br \/>\n<\/small>\n<\/p>\n<p class=\"link--button\"><input class=\"wpcf7-form-control wpcf7-submit has-spinner\" type=\"submit\" value=\"Enviar CV\" \/>\n<\/p><div class=\"wpcf7-response-output\" aria-hidden=\"true\"><\/div>\n<\/form>\n<\/div>\n<\/div>\n","protected":false},"excerpt":{"rendered":"","protected":false},"author":1,"featured_media":0,"parent":0,"menu_order":0,"comment_status":"closed","ping_status":"closed","template":"page-templates\/page-basic-page.php","meta":{"_acf_changed":false,"footnotes":""},"class_list":["post-1318","page","type-page","status-publish","hentry"],"acf":[],"yoast_head":"<!-- This site is optimized with the Yoast SEO plugin v27.1.1 - https:\/\/yoast.com\/product\/yoast-seo-wordpress\/ -->\n<title>T&#039;agradaria treballar amb nosaltres? - BMC Global<\/title>\n<meta name=\"robots\" content=\"index, follow, max-snippet:-1, max-image-preview:large, max-video-preview:-1\" \/>\n<link rel=\"canonical\" href=\"https:\/\/bmcglobal.net\/ca\/tagradaria-treballar-amb-nosaltres\/\" \/>\n<meta property=\"og:locale\" content=\"ca_ES\" \/>\n<meta property=\"og:type\" content=\"article\" \/>\n<meta property=\"og:title\" content=\"T&#039;agradaria treballar amb nosaltres? - BMC Global\" \/>\n<meta property=\"og:url\" content=\"https:\/\/bmcglobal.net\/ca\/tagradaria-treballar-amb-nosaltres\/\" \/>\n<meta property=\"og:site_name\" content=\"BMC Global\" \/>\n<meta property=\"article:modified_time\" content=\"2022-12-15T15:21:11+00:00\" \/>\n<meta name=\"twitter:card\" content=\"summary_large_image\" \/>\n<meta name=\"twitter:label1\" content=\"Est. reading time\" \/>\n\t<meta name=\"twitter:data1\" content=\"1 minute\" \/>\n<script type=\"application\/ld+json\" class=\"yoast-schema-graph\">{\"@context\":\"https:\/\/schema.org\",\"@graph\":[{\"@type\":\"WebPage\",\"@id\":\"https:\/\/bmcglobal.net\/ca\/tagradaria-treballar-amb-nosaltres\/\",\"url\":\"https:\/\/bmcglobal.net\/ca\/tagradaria-treballar-amb-nosaltres\/\",\"name\":\"T'agradaria treballar amb nosaltres? - BMC Global\",\"isPartOf\":{\"@id\":\"https:\/\/bmcglobal.net\/ca\/#website\"},\"datePublished\":\"2022-12-01T09:22:31+00:00\",\"dateModified\":\"2022-12-15T15:21:11+00:00\",\"breadcrumb\":{\"@id\":\"https:\/\/bmcglobal.net\/ca\/tagradaria-treballar-amb-nosaltres\/#breadcrumb\"},\"inLanguage\":\"ca\",\"potentialAction\":[{\"@type\":\"ReadAction\",\"target\":[\"https:\/\/bmcglobal.net\/ca\/tagradaria-treballar-amb-nosaltres\/\"]}]},{\"@type\":\"BreadcrumbList\",\"@id\":\"https:\/\/bmcglobal.net\/ca\/tagradaria-treballar-amb-nosaltres\/#breadcrumb\",\"itemListElement\":[{\"@type\":\"ListItem\",\"position\":1,\"name\":\"Portada\",\"item\":\"https:\/\/bmcglobal.net\/ca\/\"},{\"@type\":\"ListItem\",\"position\":2,\"name\":\"T&#8217;agradaria treballar amb nosaltres?\"}]},{\"@type\":\"WebSite\",\"@id\":\"https:\/\/bmcglobal.net\/ca\/#website\",\"url\":\"https:\/\/bmcglobal.net\/ca\/\",\"name\":\"BMC Global\",\"description\":\"Viatges i esdeveniments d'empresa\",\"publisher\":{\"@id\":\"https:\/\/bmcglobal.net\/ca\/#organization\"},\"potentialAction\":[{\"@type\":\"SearchAction\",\"target\":{\"@type\":\"EntryPoint\",\"urlTemplate\":\"https:\/\/bmcglobal.net\/ca\/?s={search_term_string}\"},\"query-input\":{\"@type\":\"PropertyValueSpecification\",\"valueRequired\":true,\"valueName\":\"search_term_string\"}}],\"inLanguage\":\"ca\"},{\"@type\":\"Organization\",\"@id\":\"https:\/\/bmcglobal.net\/ca\/#organization\",\"name\":\"BMC Global\",\"url\":\"https:\/\/bmcglobal.net\/ca\/\",\"logo\":{\"@type\":\"ImageObject\",\"inLanguage\":\"ca\",\"@id\":\"https:\/\/bmcglobal.net\/ca\/#\/schema\/logo\/image\/\",\"url\":\"https:\/\/bmcglobal.net\/wp-content\/uploads\/logo-bmcglobal.png\",\"contentUrl\":\"https:\/\/bmcglobal.net\/wp-content\/uploads\/logo-bmcglobal.png\",\"width\":3270,\"height\":709,\"caption\":\"BMC Global\"},\"image\":{\"@id\":\"https:\/\/bmcglobal.net\/ca\/#\/schema\/logo\/image\/\"}}]}<\/script>\n<!-- \/ Yoast SEO plugin. -->","yoast_head_json":{"title":"T'agradaria treballar amb nosaltres? - BMC Global","robots":{"index":"index","follow":"follow","max-snippet":"max-snippet:-1","max-image-preview":"max-image-preview:large","max-video-preview":"max-video-preview:-1"},"canonical":"https:\/\/bmcglobal.net\/ca\/tagradaria-treballar-amb-nosaltres\/","og_locale":"ca_ES","og_type":"article","og_title":"T'agradaria treballar amb nosaltres? - BMC Global","og_url":"https:\/\/bmcglobal.net\/ca\/tagradaria-treballar-amb-nosaltres\/","og_site_name":"BMC Global","article_modified_time":"2022-12-15T15:21:11+00:00","twitter_card":"summary_large_image","twitter_misc":{"Est. reading time":"1 minute"},"schema":{"@context":"https:\/\/schema.org","@graph":[{"@type":"WebPage","@id":"https:\/\/bmcglobal.net\/ca\/tagradaria-treballar-amb-nosaltres\/","url":"https:\/\/bmcglobal.net\/ca\/tagradaria-treballar-amb-nosaltres\/","name":"T'agradaria treballar amb nosaltres? - BMC Global","isPartOf":{"@id":"https:\/\/bmcglobal.net\/ca\/#website"},"datePublished":"2022-12-01T09:22:31+00:00","dateModified":"2022-12-15T15:21:11+00:00","breadcrumb":{"@id":"https:\/\/bmcglobal.net\/ca\/tagradaria-treballar-amb-nosaltres\/#breadcrumb"},"inLanguage":"ca","potentialAction":[{"@type":"ReadAction","target":["https:\/\/bmcglobal.net\/ca\/tagradaria-treballar-amb-nosaltres\/"]}]},{"@type":"BreadcrumbList","@id":"https:\/\/bmcglobal.net\/ca\/tagradaria-treballar-amb-nosaltres\/#breadcrumb","itemListElement":[{"@type":"ListItem","position":1,"name":"Portada","item":"https:\/\/bmcglobal.net\/ca\/"},{"@type":"ListItem","position":2,"name":"T&#8217;agradaria treballar amb nosaltres?"}]},{"@type":"WebSite","@id":"https:\/\/bmcglobal.net\/ca\/#website","url":"https:\/\/bmcglobal.net\/ca\/","name":"BMC Global","description":"Viatges i esdeveniments d'empresa","publisher":{"@id":"https:\/\/bmcglobal.net\/ca\/#organization"},"potentialAction":[{"@type":"SearchAction","target":{"@type":"EntryPoint","urlTemplate":"https:\/\/bmcglobal.net\/ca\/?s={search_term_string}"},"query-input":{"@type":"PropertyValueSpecification","valueRequired":true,"valueName":"search_term_string"}}],"inLanguage":"ca"},{"@type":"Organization","@id":"https:\/\/bmcglobal.net\/ca\/#organization","name":"BMC Global","url":"https:\/\/bmcglobal.net\/ca\/","logo":{"@type":"ImageObject","inLanguage":"ca","@id":"https:\/\/bmcglobal.net\/ca\/#\/schema\/logo\/image\/","url":"https:\/\/bmcglobal.net\/wp-content\/uploads\/logo-bmcglobal.png","contentUrl":"https:\/\/bmcglobal.net\/wp-content\/uploads\/logo-bmcglobal.png","width":3270,"height":709,"caption":"BMC Global"},"image":{"@id":"https:\/\/bmcglobal.net\/ca\/#\/schema\/logo\/image\/"}}]}},"_links":{"self":[{"href":"https:\/\/bmcglobal.net\/ca\/wp-json\/wp\/v2\/pages\/1318","targetHints":{"allow":["GET"]}}],"collection":[{"href":"https:\/\/bmcglobal.net\/ca\/wp-json\/wp\/v2\/pages"}],"about":[{"href":"https:\/\/bmcglobal.net\/ca\/wp-json\/wp\/v2\/types\/page"}],"author":[{"embeddable":true,"href":"https:\/\/bmcglobal.net\/ca\/wp-json\/wp\/v2\/users\/1"}],"replies":[{"embeddable":true,"href":"https:\/\/bmcglobal.net\/ca\/wp-json\/wp\/v2\/comments?post=1318"}],"version-history":[{"count":0,"href":"https:\/\/bmcglobal.net\/ca\/wp-json\/wp\/v2\/pages\/1318\/revisions"}],"wp:attachment":[{"href":"https:\/\/bmcglobal.net\/ca\/wp-json\/wp\/v2\/media?parent=1318"}],"curies":[{"name":"wp","href":"https:\/\/api.w.org\/{rel}","templated":true}]}}