{"id":1341,"date":"2022-11-24T09:06:27","date_gmt":"2022-11-24T09:06:27","guid":{"rendered":"https:\/\/bmcglobal.net\/bqueek\/"},"modified":"2026-01-16T12:17:54","modified_gmt":"2026-01-16T12:17:54","slug":"bqueek","status":"publish","type":"page","link":"https:\/\/bmcglobal.net\/ca\/bqueek\/","title":{"rendered":"BQueek"},"content":{"rendered":"\n<h3 class=\"text-important\"><strong>BQueek, el binomi perfecte: tecnologia + servei<\/strong><\/h3>\n<p class=\"text-important\">Fem el possible per posar-t&#8217;ho TOT m\u00e9s f\u00e0cil&#8230; <br \/>Controla, reserva, gestiona, i soluciona tots els teus viatges corporatius amb una sola eina.<\/p>\n<p><a class=\"link--button\" href=\"https:\/\/bqueek.com\/\" target=\"_blank\" rel=\"noopener\">M\u00e9s informaci\u00f3<\/a><\/p>\n\n\n\n<p><\/p>\n","protected":false},"excerpt":{"rendered":"<p>BQueek, el binomi perfecte: tecnologia + servei Fem el possible per posar-t&#8217;ho TOT m\u00e9s f\u00e0cil&#8230; Controla, reserva, gestiona, i soluciona tots els teus viatges corporatius amb una sola eina. M\u00e9s &hellip;<\/p>\n","protected":false},"author":1,"featured_media":1106,"parent":0,"menu_order":0,"comment_status":"closed","ping_status":"closed","template":"page-templates\/page-flexible.php","meta":{"_acf_changed":false,"footnotes":""},"class_list":["post-1341","page","type-page","status-publish","has-post-thumbnail","hentry"],"acf":[],"yoast_head":"<!-- This site is optimized with the Yoast SEO plugin v27.5 - https:\/\/yoast.com\/product\/yoast-seo-wordpress\/ -->\n<title>BQueek - BMC Global<\/title>\n<meta name=\"description\" content=\"BMC Global. BQueek, el binomi perfecte: tecnologia + servei Fem el possible per a posar-t&#039;ho TOT m\u00e9s f\u00e0cil... Controla, reserva, gestiona, i soluciona\" \/>\n<meta name=\"robots\" content=\"index, follow, max-snippet:-1, max-image-preview:large, max-video-preview:-1\" \/>\n<link rel=\"canonical\" href=\"https:\/\/bmcglobal.net\/ca\/bqueek\/\" \/>\n<meta property=\"og:locale\" content=\"ca_ES\" \/>\n<meta property=\"og:type\" content=\"article\" \/>\n<meta property=\"og:title\" content=\"BQueek - BMC Global\" \/>\n<meta property=\"og:description\" content=\"BMC Global. BQueek, el binomi perfecte: tecnologia + servei Fem el possible per a posar-t&#039;ho TOT m\u00e9s f\u00e0cil... Controla, reserva, gestiona, i soluciona\" \/>\n<meta property=\"og:url\" content=\"https:\/\/bmcglobal.net\/ca\/bqueek\/\" \/>\n<meta property=\"og:site_name\" content=\"BMC Global\" \/>\n<meta property=\"article:modified_time\" content=\"2026-01-16T12:17:54+00:00\" \/>\n<meta property=\"og:image\" content=\"https:\/\/bmcglobal.net\/wp-content\/uploads\/beyond-tech-principal.png\" \/>\n\t<meta property=\"og:image:width\" content=\"945\" \/>\n\t<meta property=\"og:image:height\" content=\"650\" \/>\n\t<meta property=\"og:image:type\" content=\"image\/png\" \/>\n<meta name=\"twitter:card\" content=\"summary_large_image\" \/>\n<meta name=\"twitter:label1\" content=\"Est. reading time\" \/>\n\t<meta name=\"twitter:data1\" content=\"1 minute\" \/>\n<script type=\"application\/ld+json\" class=\"yoast-schema-graph\">{\"@context\":\"https:\\\/\\\/schema.org\",\"@graph\":[{\"@type\":\"WebPage\",\"@id\":\"https:\\\/\\\/bmcglobal.net\\\/ca\\\/bqueek\\\/\",\"url\":\"https:\\\/\\\/bmcglobal.net\\\/ca\\\/bqueek\\\/\",\"name\":\"BQueek - BMC Global\",\"isPartOf\":{\"@id\":\"https:\\\/\\\/bmcglobal.net\\\/ca\\\/#website\"},\"primaryImageOfPage\":{\"@id\":\"https:\\\/\\\/bmcglobal.net\\\/ca\\\/bqueek\\\/#primaryimage\"},\"image\":{\"@id\":\"https:\\\/\\\/bmcglobal.net\\\/ca\\\/bqueek\\\/#primaryimage\"},\"thumbnailUrl\":\"https:\\\/\\\/bmcglobal.net\\\/wp-content\\\/uploads\\\/beyond-tech-principal.png\",\"datePublished\":\"2022-11-24T09:06:27+00:00\",\"dateModified\":\"2026-01-16T12:17:54+00:00\",\"description\":\"BMC Global. BQueek, el binomi perfecte: tecnologia + servei Fem el possible per a posar-t'ho TOT m\u00e9s f\u00e0cil... Controla, reserva, gestiona, i soluciona\",\"breadcrumb\":{\"@id\":\"https:\\\/\\\/bmcglobal.net\\\/ca\\\/bqueek\\\/#breadcrumb\"},\"inLanguage\":\"ca\",\"potentialAction\":[{\"@type\":\"ReadAction\",\"target\":[\"https:\\\/\\\/bmcglobal.net\\\/ca\\\/bqueek\\\/\"]}]},{\"@type\":\"ImageObject\",\"inLanguage\":\"ca\",\"@id\":\"https:\\\/\\\/bmcglobal.net\\\/ca\\\/bqueek\\\/#primaryimage\",\"url\":\"https:\\\/\\\/bmcglobal.net\\\/wp-content\\\/uploads\\\/beyond-tech-principal.png\",\"contentUrl\":\"https:\\\/\\\/bmcglobal.net\\\/wp-content\\\/uploads\\\/beyond-tech-principal.png\",\"width\":945,\"height\":650},{\"@type\":\"BreadcrumbList\",\"@id\":\"https:\\\/\\\/bmcglobal.net\\\/ca\\\/bqueek\\\/#breadcrumb\",\"itemListElement\":[{\"@type\":\"ListItem\",\"position\":1,\"name\":\"Portada\",\"item\":\"https:\\\/\\\/bmcglobal.net\\\/ca\\\/\"},{\"@type\":\"ListItem\",\"position\":2,\"name\":\"BQueek\"}]},{\"@type\":\"WebSite\",\"@id\":\"https:\\\/\\\/bmcglobal.net\\\/ca\\\/#website\",\"url\":\"https:\\\/\\\/bmcglobal.net\\\/ca\\\/\",\"name\":\"BMC Global\",\"description\":\"Viatges i esdeveniments d'empresa\",\"publisher\":{\"@id\":\"https:\\\/\\\/bmcglobal.net\\\/ca\\\/#organization\"},\"potentialAction\":[{\"@type\":\"SearchAction\",\"target\":{\"@type\":\"EntryPoint\",\"urlTemplate\":\"https:\\\/\\\/bmcglobal.net\\\/ca\\\/?s={search_term_string}\"},\"query-input\":{\"@type\":\"PropertyValueSpecification\",\"valueRequired\":true,\"valueName\":\"search_term_string\"}}],\"inLanguage\":\"ca\"},{\"@type\":\"Organization\",\"@id\":\"https:\\\/\\\/bmcglobal.net\\\/ca\\\/#organization\",\"name\":\"BMC Global\",\"url\":\"https:\\\/\\\/bmcglobal.net\\\/ca\\\/\",\"logo\":{\"@type\":\"ImageObject\",\"inLanguage\":\"ca\",\"@id\":\"https:\\\/\\\/bmcglobal.net\\\/ca\\\/#\\\/schema\\\/logo\\\/image\\\/\",\"url\":\"https:\\\/\\\/bmcglobal.net\\\/wp-content\\\/uploads\\\/logo-bmcglobal.png\",\"contentUrl\":\"https:\\\/\\\/bmcglobal.net\\\/wp-content\\\/uploads\\\/logo-bmcglobal.png\",\"width\":3270,\"height\":709,\"caption\":\"BMC Global\"},\"image\":{\"@id\":\"https:\\\/\\\/bmcglobal.net\\\/ca\\\/#\\\/schema\\\/logo\\\/image\\\/\"}}]}<\/script>\n<!-- \/ Yoast SEO plugin. -->","yoast_head_json":{"title":"BQueek - BMC Global","description":"BMC Global. BQueek, el binomi perfecte: tecnologia + servei Fem el possible per a posar-t'ho TOT m\u00e9s f\u00e0cil... Controla, reserva, gestiona, i soluciona","robots":{"index":"index","follow":"follow","max-snippet":"max-snippet:-1","max-image-preview":"max-image-preview:large","max-video-preview":"max-video-preview:-1"},"canonical":"https:\/\/bmcglobal.net\/ca\/bqueek\/","og_locale":"ca_ES","og_type":"article","og_title":"BQueek - BMC Global","og_description":"BMC Global. BQueek, el binomi perfecte: tecnologia + servei Fem el possible per a posar-t'ho TOT m\u00e9s f\u00e0cil... Controla, reserva, gestiona, i soluciona","og_url":"https:\/\/bmcglobal.net\/ca\/bqueek\/","og_site_name":"BMC Global","article_modified_time":"2026-01-16T12:17:54+00:00","og_image":[{"width":945,"height":650,"url":"https:\/\/bmcglobal.net\/wp-content\/uploads\/beyond-tech-principal.png","type":"image\/png"}],"twitter_card":"summary_large_image","twitter_misc":{"Est. reading time":"1 minute"},"schema":{"@context":"https:\/\/schema.org","@graph":[{"@type":"WebPage","@id":"https:\/\/bmcglobal.net\/ca\/bqueek\/","url":"https:\/\/bmcglobal.net\/ca\/bqueek\/","name":"BQueek - BMC Global","isPartOf":{"@id":"https:\/\/bmcglobal.net\/ca\/#website"},"primaryImageOfPage":{"@id":"https:\/\/bmcglobal.net\/ca\/bqueek\/#primaryimage"},"image":{"@id":"https:\/\/bmcglobal.net\/ca\/bqueek\/#primaryimage"},"thumbnailUrl":"https:\/\/bmcglobal.net\/wp-content\/uploads\/beyond-tech-principal.png","datePublished":"2022-11-24T09:06:27+00:00","dateModified":"2026-01-16T12:17:54+00:00","description":"BMC Global. BQueek, el binomi perfecte: tecnologia + servei Fem el possible per a posar-t'ho TOT m\u00e9s f\u00e0cil... Controla, reserva, gestiona, i soluciona","breadcrumb":{"@id":"https:\/\/bmcglobal.net\/ca\/bqueek\/#breadcrumb"},"inLanguage":"ca","potentialAction":[{"@type":"ReadAction","target":["https:\/\/bmcglobal.net\/ca\/bqueek\/"]}]},{"@type":"ImageObject","inLanguage":"ca","@id":"https:\/\/bmcglobal.net\/ca\/bqueek\/#primaryimage","url":"https:\/\/bmcglobal.net\/wp-content\/uploads\/beyond-tech-principal.png","contentUrl":"https:\/\/bmcglobal.net\/wp-content\/uploads\/beyond-tech-principal.png","width":945,"height":650},{"@type":"BreadcrumbList","@id":"https:\/\/bmcglobal.net\/ca\/bqueek\/#breadcrumb","itemListElement":[{"@type":"ListItem","position":1,"name":"Portada","item":"https:\/\/bmcglobal.net\/ca\/"},{"@type":"ListItem","position":2,"name":"BQueek"}]},{"@type":"WebSite","@id":"https:\/\/bmcglobal.net\/ca\/#website","url":"https:\/\/bmcglobal.net\/ca\/","name":"BMC Global","description":"Viatges i esdeveniments d'empresa","publisher":{"@id":"https:\/\/bmcglobal.net\/ca\/#organization"},"potentialAction":[{"@type":"SearchAction","target":{"@type":"EntryPoint","urlTemplate":"https:\/\/bmcglobal.net\/ca\/?s={search_term_string}"},"query-input":{"@type":"PropertyValueSpecification","valueRequired":true,"valueName":"search_term_string"}}],"inLanguage":"ca"},{"@type":"Organization","@id":"https:\/\/bmcglobal.net\/ca\/#organization","name":"BMC Global","url":"https:\/\/bmcglobal.net\/ca\/","logo":{"@type":"ImageObject","inLanguage":"ca","@id":"https:\/\/bmcglobal.net\/ca\/#\/schema\/logo\/image\/","url":"https:\/\/bmcglobal.net\/wp-content\/uploads\/logo-bmcglobal.png","contentUrl":"https:\/\/bmcglobal.net\/wp-content\/uploads\/logo-bmcglobal.png","width":3270,"height":709,"caption":"BMC Global"},"image":{"@id":"https:\/\/bmcglobal.net\/ca\/#\/schema\/logo\/image\/"}}]}},"_links":{"self":[{"href":"https:\/\/bmcglobal.net\/ca\/wp-json\/wp\/v2\/pages\/1341","targetHints":{"allow":["GET"]}}],"collection":[{"href":"https:\/\/bmcglobal.net\/ca\/wp-json\/wp\/v2\/pages"}],"about":[{"href":"https:\/\/bmcglobal.net\/ca\/wp-json\/wp\/v2\/types\/page"}],"author":[{"embeddable":true,"href":"https:\/\/bmcglobal.net\/ca\/wp-json\/wp\/v2\/users\/1"}],"replies":[{"embeddable":true,"href":"https:\/\/bmcglobal.net\/ca\/wp-json\/wp\/v2\/comments?post=1341"}],"version-history":[{"count":4,"href":"https:\/\/bmcglobal.net\/ca\/wp-json\/wp\/v2\/pages\/1341\/revisions"}],"predecessor-version":[{"id":5917,"href":"https:\/\/bmcglobal.net\/ca\/wp-json\/wp\/v2\/pages\/1341\/revisions\/5917"}],"wp:featuredmedia":[{"embeddable":true,"href":"https:\/\/bmcglobal.net\/ca\/wp-json\/wp\/v2\/media\/1106"}],"wp:attachment":[{"href":"https:\/\/bmcglobal.net\/ca\/wp-json\/wp\/v2\/media?parent=1341"}],"curies":[{"name":"wp","href":"https:\/\/api.w.org\/{rel}","templated":true}]}}