{"id":1399,"date":"2022-11-24T09:07:50","date_gmt":"2022-11-24T09:07:50","guid":{"rendered":"https:\/\/bmcglobal.net\/configuracion-de-cookies\/"},"modified":"2022-12-27T12:40:38","modified_gmt":"2022-12-27T12:40:38","slug":"configuracion-de-cookies","status":"publish","type":"page","link":"https:\/\/bmcglobal.net\/ca\/configuracion-de-cookies\/","title":{"rendered":"Configuraci\u00f3 de cookies"},"content":{"rendered":"<p>[cookie_settings]<\/p>\n\n\n\n<p>\u00a0<\/p>\n<p>Les cookies s\u00f3n petits arxius de text que les p\u00e0gines web poden utilitzar per a fer m\u00e9s eficient l&#8217;experi\u00e8ncia de l&#8217;usuari.<\/p>\n<p>La llei afirma que podem emmagatzemar cookies en el seu dispositiu si s\u00f3n estrictament necess\u00e0ries per al funcionament d&#8217;aquesta p\u00e0gina. Per a tots els altres tipus de cookies necessitem el seu perm\u00eds.<\/p>\n<p>Aquesta p\u00e0gina utilitza tipus diferents de cookies. Algunes cookies s\u00f3n col\u00b7locades per serveis de tercers que apareixen en les nostres p\u00e0gines.<\/p>\n<p>En qualsevol moment pot canviar o retirar el seu consentiment des de la Declaraci\u00f3 de cookies en el nostre lloc web.<\/p>\n<p>Obtingui m\u00e9s informaci\u00f3 sobre qui som, com pot contactar-nos i com processem les dades personals en la nostra <a href=\"\/ca\/politica-de-privacitat\/\">Pol\u00edtica de privacitat<\/a>.<\/p>\n<p>En contactar-nos respecte al seu consentiment, si us plau, indiqui l&#8217;ANEU i la data del seu consentiment.<\/p>\n","protected":false},"excerpt":{"rendered":"<p>\u00a0 Les cookies s\u00f3n petits arxius de text que les p\u00e0gines web poden utilitzar per a fer m\u00e9s eficient l&#8217;experi\u00e8ncia de l&#8217;usuari. La llei afirma que podem emmagatzemar cookies en &hellip;<\/p>\n","protected":false},"author":1,"featured_media":0,"parent":0,"menu_order":0,"comment_status":"closed","ping_status":"closed","template":"page-templates\/page-basic-page.php","meta":{"_acf_changed":false,"footnotes":""},"class_list":["post-1399","page","type-page","status-publish","hentry"],"acf":[],"yoast_head":"<!-- This site is optimized with the Yoast SEO plugin v27.5 - https:\/\/yoast.com\/product\/yoast-seo-wordpress\/ -->\n<title>Configuraci\u00f3 de cookies - BMC Global<\/title>\n<meta name=\"description\" content=\"\u00a0 Les cookies s\u00f3n petits arxius de text que les p\u00e0gines web poden utilitzar per a fer m\u00e9s eficient l&#039;experi\u00e8ncia de l&#039;usuari. La llei afirma que podem\" \/>\n<meta name=\"robots\" content=\"index, follow, max-snippet:-1, max-image-preview:large, max-video-preview:-1\" \/>\n<link rel=\"canonical\" href=\"https:\/\/bmcglobal.net\/ca\/configuracion-de-cookies\/\" \/>\n<meta property=\"og:locale\" content=\"ca_ES\" \/>\n<meta property=\"og:type\" content=\"article\" \/>\n<meta property=\"og:title\" content=\"Configuraci\u00f3 de cookies - BMC Global\" \/>\n<meta property=\"og:description\" content=\"\u00a0 Les cookies s\u00f3n petits arxius de text que les p\u00e0gines web poden utilitzar per a fer m\u00e9s eficient l&#039;experi\u00e8ncia de l&#039;usuari. La llei afirma que podem\" \/>\n<meta property=\"og:url\" content=\"https:\/\/bmcglobal.net\/ca\/configuracion-de-cookies\/\" \/>\n<meta property=\"og:site_name\" content=\"BMC Global\" \/>\n<meta property=\"article:modified_time\" content=\"2022-12-27T12:40:38+00:00\" \/>\n<meta name=\"twitter:card\" content=\"summary_large_image\" \/>\n<meta name=\"twitter:label1\" content=\"Est. reading time\" \/>\n\t<meta name=\"twitter:data1\" content=\"1 minute\" \/>\n<script type=\"application\/ld+json\" class=\"yoast-schema-graph\">{\"@context\":\"https:\\\/\\\/schema.org\",\"@graph\":[{\"@type\":\"WebPage\",\"@id\":\"https:\\\/\\\/bmcglobal.net\\\/ca\\\/configuracion-de-cookies\\\/\",\"url\":\"https:\\\/\\\/bmcglobal.net\\\/ca\\\/configuracion-de-cookies\\\/\",\"name\":\"Configuraci\u00f3 de cookies - BMC Global\",\"isPartOf\":{\"@id\":\"https:\\\/\\\/bmcglobal.net\\\/ca\\\/#website\"},\"datePublished\":\"2022-11-24T09:07:50+00:00\",\"dateModified\":\"2022-12-27T12:40:38+00:00\",\"description\":\"\u00a0 Les cookies s\u00f3n petits arxius de text que les p\u00e0gines web poden utilitzar per a fer m\u00e9s eficient l'experi\u00e8ncia de l'usuari. La llei afirma que podem\",\"breadcrumb\":{\"@id\":\"https:\\\/\\\/bmcglobal.net\\\/ca\\\/configuracion-de-cookies\\\/#breadcrumb\"},\"inLanguage\":\"ca\",\"potentialAction\":[{\"@type\":\"ReadAction\",\"target\":[\"https:\\\/\\\/bmcglobal.net\\\/ca\\\/configuracion-de-cookies\\\/\"]}]},{\"@type\":\"BreadcrumbList\",\"@id\":\"https:\\\/\\\/bmcglobal.net\\\/ca\\\/configuracion-de-cookies\\\/#breadcrumb\",\"itemListElement\":[{\"@type\":\"ListItem\",\"position\":1,\"name\":\"Portada\",\"item\":\"https:\\\/\\\/bmcglobal.net\\\/ca\\\/\"},{\"@type\":\"ListItem\",\"position\":2,\"name\":\"Configuraci\u00f3 de cookies\"}]},{\"@type\":\"WebSite\",\"@id\":\"https:\\\/\\\/bmcglobal.net\\\/ca\\\/#website\",\"url\":\"https:\\\/\\\/bmcglobal.net\\\/ca\\\/\",\"name\":\"BMC Global\",\"description\":\"Viatges i esdeveniments d'empresa\",\"publisher\":{\"@id\":\"https:\\\/\\\/bmcglobal.net\\\/ca\\\/#organization\"},\"potentialAction\":[{\"@type\":\"SearchAction\",\"target\":{\"@type\":\"EntryPoint\",\"urlTemplate\":\"https:\\\/\\\/bmcglobal.net\\\/ca\\\/?s={search_term_string}\"},\"query-input\":{\"@type\":\"PropertyValueSpecification\",\"valueRequired\":true,\"valueName\":\"search_term_string\"}}],\"inLanguage\":\"ca\"},{\"@type\":\"Organization\",\"@id\":\"https:\\\/\\\/bmcglobal.net\\\/ca\\\/#organization\",\"name\":\"BMC Global\",\"url\":\"https:\\\/\\\/bmcglobal.net\\\/ca\\\/\",\"logo\":{\"@type\":\"ImageObject\",\"inLanguage\":\"ca\",\"@id\":\"https:\\\/\\\/bmcglobal.net\\\/ca\\\/#\\\/schema\\\/logo\\\/image\\\/\",\"url\":\"https:\\\/\\\/bmcglobal.net\\\/wp-content\\\/uploads\\\/logo-bmcglobal.png\",\"contentUrl\":\"https:\\\/\\\/bmcglobal.net\\\/wp-content\\\/uploads\\\/logo-bmcglobal.png\",\"width\":3270,\"height\":709,\"caption\":\"BMC Global\"},\"image\":{\"@id\":\"https:\\\/\\\/bmcglobal.net\\\/ca\\\/#\\\/schema\\\/logo\\\/image\\\/\"}}]}<\/script>\n<!-- \/ Yoast SEO plugin. -->","yoast_head_json":{"title":"Configuraci\u00f3 de cookies - BMC Global","description":"\u00a0 Les cookies s\u00f3n petits arxius de text que les p\u00e0gines web poden utilitzar per a fer m\u00e9s eficient l'experi\u00e8ncia de l'usuari. La llei afirma que podem","robots":{"index":"index","follow":"follow","max-snippet":"max-snippet:-1","max-image-preview":"max-image-preview:large","max-video-preview":"max-video-preview:-1"},"canonical":"https:\/\/bmcglobal.net\/ca\/configuracion-de-cookies\/","og_locale":"ca_ES","og_type":"article","og_title":"Configuraci\u00f3 de cookies - BMC Global","og_description":"\u00a0 Les cookies s\u00f3n petits arxius de text que les p\u00e0gines web poden utilitzar per a fer m\u00e9s eficient l'experi\u00e8ncia de l'usuari. La llei afirma que podem","og_url":"https:\/\/bmcglobal.net\/ca\/configuracion-de-cookies\/","og_site_name":"BMC Global","article_modified_time":"2022-12-27T12:40:38+00:00","twitter_card":"summary_large_image","twitter_misc":{"Est. reading time":"1 minute"},"schema":{"@context":"https:\/\/schema.org","@graph":[{"@type":"WebPage","@id":"https:\/\/bmcglobal.net\/ca\/configuracion-de-cookies\/","url":"https:\/\/bmcglobal.net\/ca\/configuracion-de-cookies\/","name":"Configuraci\u00f3 de cookies - BMC Global","isPartOf":{"@id":"https:\/\/bmcglobal.net\/ca\/#website"},"datePublished":"2022-11-24T09:07:50+00:00","dateModified":"2022-12-27T12:40:38+00:00","description":"\u00a0 Les cookies s\u00f3n petits arxius de text que les p\u00e0gines web poden utilitzar per a fer m\u00e9s eficient l'experi\u00e8ncia de l'usuari. La llei afirma que podem","breadcrumb":{"@id":"https:\/\/bmcglobal.net\/ca\/configuracion-de-cookies\/#breadcrumb"},"inLanguage":"ca","potentialAction":[{"@type":"ReadAction","target":["https:\/\/bmcglobal.net\/ca\/configuracion-de-cookies\/"]}]},{"@type":"BreadcrumbList","@id":"https:\/\/bmcglobal.net\/ca\/configuracion-de-cookies\/#breadcrumb","itemListElement":[{"@type":"ListItem","position":1,"name":"Portada","item":"https:\/\/bmcglobal.net\/ca\/"},{"@type":"ListItem","position":2,"name":"Configuraci\u00f3 de cookies"}]},{"@type":"WebSite","@id":"https:\/\/bmcglobal.net\/ca\/#website","url":"https:\/\/bmcglobal.net\/ca\/","name":"BMC Global","description":"Viatges i esdeveniments d'empresa","publisher":{"@id":"https:\/\/bmcglobal.net\/ca\/#organization"},"potentialAction":[{"@type":"SearchAction","target":{"@type":"EntryPoint","urlTemplate":"https:\/\/bmcglobal.net\/ca\/?s={search_term_string}"},"query-input":{"@type":"PropertyValueSpecification","valueRequired":true,"valueName":"search_term_string"}}],"inLanguage":"ca"},{"@type":"Organization","@id":"https:\/\/bmcglobal.net\/ca\/#organization","name":"BMC Global","url":"https:\/\/bmcglobal.net\/ca\/","logo":{"@type":"ImageObject","inLanguage":"ca","@id":"https:\/\/bmcglobal.net\/ca\/#\/schema\/logo\/image\/","url":"https:\/\/bmcglobal.net\/wp-content\/uploads\/logo-bmcglobal.png","contentUrl":"https:\/\/bmcglobal.net\/wp-content\/uploads\/logo-bmcglobal.png","width":3270,"height":709,"caption":"BMC Global"},"image":{"@id":"https:\/\/bmcglobal.net\/ca\/#\/schema\/logo\/image\/"}}]}},"_links":{"self":[{"href":"https:\/\/bmcglobal.net\/ca\/wp-json\/wp\/v2\/pages\/1399","targetHints":{"allow":["GET"]}}],"collection":[{"href":"https:\/\/bmcglobal.net\/ca\/wp-json\/wp\/v2\/pages"}],"about":[{"href":"https:\/\/bmcglobal.net\/ca\/wp-json\/wp\/v2\/types\/page"}],"author":[{"embeddable":true,"href":"https:\/\/bmcglobal.net\/ca\/wp-json\/wp\/v2\/users\/1"}],"replies":[{"embeddable":true,"href":"https:\/\/bmcglobal.net\/ca\/wp-json\/wp\/v2\/comments?post=1399"}],"version-history":[{"count":1,"href":"https:\/\/bmcglobal.net\/ca\/wp-json\/wp\/v2\/pages\/1399\/revisions"}],"predecessor-version":[{"id":2478,"href":"https:\/\/bmcglobal.net\/ca\/wp-json\/wp\/v2\/pages\/1399\/revisions\/2478"}],"wp:attachment":[{"href":"https:\/\/bmcglobal.net\/ca\/wp-json\/wp\/v2\/media?parent=1399"}],"curies":[{"name":"wp","href":"https:\/\/api.w.org\/{rel}","templated":true}]}}