{"id":3,"date":"2022-03-30T09:27:15","date_gmt":"2022-03-30T09:27:15","guid":{"rendered":"https:\/\/bmcglobal.net\/?page_id=3"},"modified":"2023-01-13T09:13:42","modified_gmt":"2023-01-13T09:13:42","slug":"politica-privacidad","status":"publish","type":"page","link":"https:\/\/bmcglobal.net\/es\/politica-privacidad\/","title":{"rendered":"Pol\u00edtica de privacidad"},"content":{"rendered":"\n<p><strong>IMPORTANTE<\/strong>: le invitamos a que lea detenidamente esta Declaraci\u00f3n de Privacidad para conocer por qu\u00e9 recopilamos sus datos personales y c\u00f3mo son procesados dichos datos por Promoinversora del Vall\u00e8s, S.L., Arim\u00f3n, 60-64, 08202, Sabadell, Barcelona.<\/p>\n<p>Esta pol\u00edtica est\u00e1 sujeta a cambios por lo que es conveniente consultarla cada vez que Ud decida visitarnos.<\/p>\n<p class=\"title-3\">\u00c1MBITO<\/p>\n<p>Esta declaraci\u00f3n de privacidad en l\u00ednea de Promoinversora del Vall\u00e8s, S.L., es p\u00fablica y accesible a todos los usuarios y clientes de Promoinversora del Vall\u00e8s, S.L., y se aplica a todos los sitios web de Promoinversora del Vall\u00e8s, S.L. siendo <a href=\"http:\/\/www.promoviatges.cat\" target=\"_blank\" rel=\"noopener\">www.promoviatges.cat<\/a> el sitio o dominio principal.<\/p>\n<p>Tambi\u00e9n se aplica a aquellos documentos o mensajes emitidos por Promoinversora del Vall\u00e8s, S.L. que enlazan a esta pol\u00edtica o declaraci\u00f3n de privacidad o, en su caso, indican que se acceda a ella para que Ud. conozca el uso que hace Promoinversora del Vall\u00e8s, S.L. de sus datos personales.<\/p>\n<p>A continuaci\u00f3n, le informamos de manera general sobre los usos de su informaci\u00f3n personal. Posteriormente se detallan dichos usos y tratamientos.<\/p>\n<p>\u00a0<\/p>\n<p class=\"title-3\">INFORMACI\u00d3N PERSONAL QUE RECOGEMOS<\/p>\n<p>Informaci\u00f3n sobre el uso de datos de car\u00e1cter personal, seg\u00fan lo dispuesto en el Reglamento (UE) 2016\/679 del Parlamento Europeo y del Consejo de 27 de abril de 2016 relativo a la protecci\u00f3n de las personas f\u00edsicas, en lo que respecta al tratamiento de datos personales y a la libre circulaci\u00f3n de estos datos (RGPD) y la Ley Org\u00e1nica 3\/2018, de 5 de diciembre, de Protecci\u00f3n de Datos Personales y Garant\u00eda de los Derechos Digitales, que adapta el Reglamento al ordenamiento jur\u00eddico espa\u00f1ol y completa y desarrolla sus disposiciones.<\/p>\n<p>Promoinversora del Vall\u00e8s, S.L. respeta su derecho a la intimidad y aplica toda la normativa vigente con objeto de proteger los datos personales de sus clientes y usuarios.<\/p>\n<p>Sus datos personales son tratados con la m\u00e1xima confidencialidad, habiendo adoptado Promoinversora del Vall\u00e8s, S.L., como Responsable del Tratamiento, las medidas de orden t\u00e9cnico y organizativo necesarias para garantizar la confidencialidad y seguridad de los datos personales, evitando su alteraci\u00f3n, p\u00e9rdida, tratamiento o acceso no autorizado.<\/p>\n<p>Para que Usted pueda recibir informaci\u00f3n y, en su caso, poder reservar o usar los productos y servicios que Promoinversora del Vall\u00e8s, S.L. ofrece a trav\u00e9s del\/de los sitio\/s de Promoinversora del Vall\u00e8s, S.L., es necesario que nos informe de ciertos datos personales necesarios para poder, as\u00ed, personalizarle nuestros servicios y ajustarlos a sus intereses y necesidades.<\/p>\n<p>Le recordamos que es deber del usuario hacernos saber cualquier cambio que se produzca en sus datos, a Promoinversora del Vall\u00e8s, S.L., y que hubiera registrado nuestros sitios, para proceder a su mantenimiento en los ficheros correspondientes.<\/p>\n<p>Para mejorar los servicios que le ofrecemos, es posible que al finalizar el servicio que le prestamos, reciba una encuesta de satisfacci\u00f3n. En ella se le pedir\u00e1 una valoraci\u00f3n de los servicios recibidos y un breve comentario sobre la experiencia vivida.<\/p>\n<p>Recopilamos su informaci\u00f3n personal por varios motivos:<\/p>\n<ul>\n<li>Atender solicitudes de servicios<\/li>\n<li>Realizaci\u00f3n de los servicios<\/li>\n<li>Confecci\u00f3n de presupuestos<\/li>\n<li>Enviarle mensajes de estado de los servicios en curso<\/li>\n<li>Env\u00edo de promociones que consideramos interesantes para nuestros clientes<\/li>\n<li>Encuestas de calidad y de satisfacci\u00f3n para la mejora de los servicios que realiza Promoinversora del Vall\u00e8s, S.L.<\/li>\n<li>Cumplimentaci\u00f3n de la documentaci\u00f3n necesaria para el proceso de cualquier incidente\/asistencia cubierto por a su compa\u00f1\u00eda aseguradora<\/li>\n<\/ul>\n<p>Adem\u00e1s, podemos recopilar informaci\u00f3n relacionada con su uso de nuestros sitios web a trav\u00e9s de diversas tecnolog\u00edas, como el uso de cookies.<\/p>\n<p>Podr\u00e1 revocar este consentimiento en cualquier momento, as\u00ed como ejercitar sus derechos de acceso, rectificaci\u00f3n, supresi\u00f3n, limitaci\u00f3n del tratamiento, olvido, portabilidad de datos y oposici\u00f3n por los medios indicados en el cap\u00edtulo \u201cEJERCICIO DE DERECHOS\u201d del presente documento.<\/p>\n<p>\u00a0<\/p>\n<p class=\"title-3\">MODOS DE RECOGIDA<\/p>\n<p>Promoinversora del Vall\u00e8s, S.L. recoge datos personales a trav\u00e9s de varios canales: en el sitio web <a href=\"http:\/\/www.promoviatges.cat\" target=\"_blank\" rel=\"noopener\">www.promoviatges.cat<\/a>, en el centro de atenci\u00f3n telef\u00f3nica de Promoinversora del Vall\u00e8s, S.L.; en los mismos centros f\u00edsicos de Promoinversora del Vall\u00e8s, S.L., a la hora de solicitar un presupuesto o un servicio; en la p\u00e1gina de Promoinversora del Vall\u00e8s, S.L.en Instagram; en la p\u00e1gina de Promoinversora del Vall\u00e8s, S.L.en LinkedIn.<\/p>\n<p>En todo caso y siempre que sea aplicable le daremos la opci\u00f3n de negarse a que usemos sus datos con fines de env\u00edos o comunicaciones publicitarias.<\/p>\n<p>\u00a0<\/p>\n<p class=\"title-3\">COMUNICACI\u00d3N A TERCEROS<\/p>\n<p>Para la gesti\u00f3n y cumplimento del objeto del contrato, puede resultar necesario (y obligatorio para la prestaci\u00f3n del servicio), que sus datos (incluida informaci\u00f3n sobre alergias, intolerancias alimentarias, etc.), tengan que ser comunicados a proveedores tales como compa\u00f1\u00edas a\u00e9reas, navieras, hoteles y otros proveedores de servicios, los cuales estar\u00e1n obligados a utilizar los datos, \u00fanica y exclusivamente, para dar cumplimiento al objeto del contrato.<\/p>\n<p>Estos proveedores, dependiendo del pa\u00eds de destino de su viaje, podr\u00e1n estar ubicados en pa\u00edses para los que sea necesario realizar una transferencia internacional de dato incluyendo, si fuera el caso,<\/p>\n<p>aquellos que no ofrezcan un nivel de protecci\u00f3n equiparable a la exigida por la UE, consider\u00e1ndose por tanto una transferencia internacional de datos autorizada expresamente por el interesado.<\/p>\n<p>Del mismo modo y conforme a la Legislaci\u00f3n Federal de Estados Unidos de Am\u00e9rica, sus datos personales ser\u00e1n accesibles al Departamento de Aduanas de los Estados Unidos en caso de que contrate un vuelo que tenga origen, destino o escala en dicho pa\u00eds.<\/p>\n<p>Nos autoriza a la comunicaci\u00f3n de los datos como Nombre, NIF, Datos Bancarios, etc., a las Entidades Financieras con las que trabaja Promoinversora del Vall\u00e8s, S.L. a los solos efectos de gestionar las transferencias, cobros y pagos a que d\u00e9 lugar la relaci\u00f3n comercial y el uso de nuestros servicios.<\/p>\n<p>Por \u00faltimo, Usted nos autoriza a que podamos enviar la informaci\u00f3n necesaria para el proceso de cualquier incidente\/asistencia cubierto por a su compa\u00f1\u00eda aseguradora y que \u00e9sta pueda requerir.<\/p>\n<p>\u00a0<\/p>\n<p class=\"title-3\">TRATAMIENTOS Y USOS<\/p>\n<p>Usted podr\u00e1 revocar en todo momento la autorizaci\u00f3n que haya otorgado a fin de permitir que sus datos sean utilizados de una manera espec\u00edfica. Dicha revocaci\u00f3n de autorizaci\u00f3n no podr\u00e1 tener efecto retroactivo.<\/p>\n<p><strong>Realizaci\u00f3n y gesti\u00f3n del servicio contratado y facturaci\u00f3n<\/strong><\/p>\n<p>Sin los datos solicitados no ser\u00e1 posible la realizaci\u00f3n del servicio.<\/p>\n<p>Los datos personales, as\u00ed como los relativos al servicio ser\u00e1n conservados en nuestros ficheros durante el tiempo necesario para poder hacer efectiva la garant\u00eda del servicio prestado (5 a\u00f1os).<\/p>\n<p>Los datos relativos a la facturaci\u00f3n del servicio ser\u00e1n conservados en nuestros ficheros durante el tiempo necesario para cumplir con las obligaciones legales y fiscales aplicables a los servicios realizados por Promoinversora del Vall\u00e8s, S.L. (5 a\u00f1os + el a\u00f1o en curso).<\/p>\n<p>Sobre este tratamiento de datos, Usted podr\u00e1, en caso de que lo considere necesario, ejercer los siguientes derechos:<\/p>\n<ul>\n<li>De acceso para conocer qu\u00e9 datos conservamos y tratamos.<\/li>\n<li>De rectificaci\u00f3n en el caso que considere que los datos no son correctos o bien porque han cambiado (por ejemplo, sus datos de contacto).<\/li>\n<\/ul>\n<p><strong>Tratamiento de consultas<\/strong><\/p>\n<p>Los datos personales, de contacto, im\u00e1genes, ser\u00e1n conservados en nuestros ficheros durante el tiempo necesario para poder realizar la gesti\u00f3n solicitada.<\/p>\n<p>Sobre este tratamiento de datos, Usted podr\u00e1, en caso de que lo considere necesario, ejercer los siguientes derechos:<\/p>\n<ul>\n<li>De acceso para conocer qu\u00e9 datos conservamos y tratamos.<\/li>\n<li>De oposici\u00f3n y limitaci\u00f3n, para que los datos personales no sean tratados -desde que se tramite su solicitud- para la finalidad del servicio de informaci\u00f3n.<\/li>\n<li>De rectificaci\u00f3n en el caso que considere que los datos no son correctos o bien porque han cambiado.<\/li>\n<li>De borrado o supresi\u00f3n en caso de que nos retire su consentimiento para este tratamiento.<\/li>\n<\/ul>\n<p><strong>Servicio de Calidad<\/strong><\/p>\n<p>Para cumplir con nuestros compromisos de calidad con el cliente, puntualmente realizamos una encuesta destinada a conocer la satisfacci\u00f3n con los trabajos realizados a nuestros clientes y usuarios para, as\u00ed, poder mejorar nuestros servicios.<\/p>\n<p>Estas encuestas se efect\u00faan por medios electr\u00f3nicos (se recibe un e-mail con enlace a la web donde se realiza la encuesta) y en ellas no se recoge ning\u00fan dato personal adicional a los que Usted nos haya proporcionado previamente.<\/p>\n<p>En cualquier caso, los datos personales de contacto recopilados con el fin de enviarle la encuesta de calidad \u00fanicamente ser\u00e1n utilizados si usted nos otorga su consentimiento expl\u00edcito.<\/p>\n<p>Los datos personales referentes a este tratamiento ser\u00e1n conservados para ello durante 3 meses.<\/p>\n<p>Sobre este tratamiento de datos Usted podr\u00e1, en caso de que lo considere necesario, ejercer los siguientes derechos:<\/p>\n<ul>\n<li>De oposici\u00f3n y limitaci\u00f3n, para que los datos personales no sean tratados -desde que se tramite su solicitud- para la finalidad del servicio de calidad.<\/li>\n<li>De rectificaci\u00f3n en el caso que considere que los datos no son correctos o bien porque han cambiado.<\/li>\n<\/ul>\n<p><strong>Informaci\u00f3n sobre los servicios de Promoinversora del Vall\u00e8s, S.L.<\/strong><\/p>\n<p>Para mantenerle informado sobre los servicios de prestados por Promoinversora del Vall\u00e8s, S.L. y de las promociones puntuales, precisamos tratar sus datos de contacto.<\/p>\n<p>Por otra parte, en cada comunicaci\u00f3n enviada se le ofrecer\u00e1 la oportunidad de darse de baja de las mismas; adicionalmente usted puede ejercer los derechos indicados a continuaci\u00f3n en cualquier momento.<\/p>\n<p>Sobre este tratamiento de datos Usted podr\u00e1, en caso de que lo considere necesario, ejercer los siguientes derechos:<\/p>\n<ul>\n<li>De oposici\u00f3n y limitaci\u00f3n, para que los datos personales no sean tratados -desde que se tramite su solicitud- para la finalidad del servicio de informaci\u00f3n.<\/li>\n<li>De rectificaci\u00f3n en el caso que considere que los datos no son correctos o bien porque han cambiado.<\/li>\n<li>De borrado o supresi\u00f3n en caso de que nos retire su consentimiento para este tratamiento.<\/li>\n<\/ul>\n<p><strong>Elaboraci\u00f3n de presupuestos<\/strong><\/p>\n<p>Los datos que Usted nos proporcione, para la elaboraci\u00f3n del presupuesto, se mantendr\u00e1n en nuestros ficheros hasta que Usted nos informe de la declinaci\u00f3n de su ejecuci\u00f3n o hasta pasados 2 a\u00f1os, una vez transcurrido este plazo ser\u00e1n borrados. En otro caso pasar\u00e1n a formar parte del tratamiento de Realizaci\u00f3n del Servicio.<\/p>\n<p>Sobre este tratamiento de datos Usted podr\u00e1, en caso de que lo considere necesario, ejercer los siguientes derechos:<\/p>\n<ul>\n<li>De acceso para conocer qu\u00e9 datos conservamos y tratamos.<\/li>\n<li>De rectificaci\u00f3n en el caso que considere que los datos no son correctos o bien porque han cambiado (por ejemplo, sus datos de contacto).<\/li>\n<li>De borrado en el caso de que desestime definitivamente la actuaci\u00f3n presupuestada por Promoinversora del Vall\u00e8s, S.L.<\/li>\n<\/ul>\n<p><strong>Estudio de candidaturas de empleo<\/strong><\/p>\n<p>Los datos que Usted nos proporcione, para participar en nuestros procesos de selecci\u00f3n de personal, en caso de ser Usted seleccionado para la siguiente fase, le comunicaremos tal decisi\u00f3n. Los datos por Usted proporcionados se conservar\u00e1n durante un tiempo m\u00e1ximo de 1 a\u00f1o pasado el cual ser\u00e1n eliminados.<\/p>\n<p>Sobre este tratamiento de datos Usted podr\u00e1, en caso de que lo considere necesario, ejercer los siguientes derechos:<\/p>\n<ul>\n<li>De acceso para conocer qu\u00e9 datos conservamos y tratamos.<\/li>\n<li>De rectificaci\u00f3n en el caso que considere que los datos no son correctos o bien porque han cambiado (por ejemplo, sus datos de contacto).<\/li>\n<li>De borrado o supresi\u00f3n en caso de que nos retire su consentimiento para este tratamiento.<\/li>\n<\/ul>\n<p><strong>Servicio reCAPTCHA<\/strong><\/p>\n<ul>\n<li>La direcci\u00f3n IP de navegaci\u00f3n ser\u00e1 enviada a Google como parte del sistema para poder discernir un humano de un sistema de relleno y env\u00edo de formularios automatizado.<\/li>\n<li>Todos los detalles acerca de la pol\u00edtica de privacidad de Google se pueden leer en la p\u00e1gina https:\/\/policies.google.com\/privacy?hl=es<\/li>\n<\/ul>\n<p><strong>Comunicaci\u00f3n compa\u00f1\u00edas a\u00e9reas asociadas a IATA<\/strong><\/p>\n<p>Los datos que Usted nos proporcione podr\u00e1n ser comunicados a las compa\u00f1\u00edas a\u00e9reas para las siguientes finalidades: Actualizaciones sobre vuelos en tiempo real, Notificaciones proactivas en caso de interrupci\u00f3n del servicio (cancelaciones, retrasos, etc.), Actualizaciones relacionadas con el equipaje, Env\u00edo de la informaci\u00f3n del cambio de reserva o tarjeta de embarque de forma autom\u00e1tica, para los siguientes vuelos disponibles.<\/p>\n<p>Estos datos de contacto ser\u00e1n gestionados por las compa\u00f1\u00edas a\u00e9reas asociadas a IATA bajos sus propias condiciones. Podr\u00e1 consultar los aspectos relacionados con el uso de estos datos y sus derechos de protecci\u00f3n de datos en la p\u00e1gina web de la compa\u00f1\u00eda a\u00e9rea que corresponda y que est\u00e1 indicada en su billete o reserva a\u00e9rea.<\/p>\n<p class=\"title-3\">RECAPTCHA<\/p>\n<p>Utilizamos el servicio reCAPTCHA de Google Inc. (Google) para proteger los datos enviados a trav\u00e9s de los formularios de las p\u00e1ginas de nuestros usuarios. Este servicio permite diferenciar los datos enviados por personas de los mensajes automatizados y supone la transmisi\u00f3n de la direcci\u00f3n IP y otros datos requeridos por Google para el uso del servicio reCAPTCHA. Con tal finalidad, los datos ser\u00e1n transmitidos a Google para poder ser utilizados. La direcci\u00f3n IP ser\u00e1 encriptada por Google en los estados miembros de la Uni\u00f3n Europea as\u00ed como en los estados asociados al espacio econ\u00f3mico europeo. Solo en algunos casos excepcionales, las direcciones IP ser\u00e1n transmitidas al servidor de<\/p>\n<p>Google en los Estados Unidos para su encriptaci\u00f3n. En nombre del propietario de este sitio web, Google va a utilizar estas informaciones para evaluar el uso del servicio por parte de los usuarios. La direcci\u00f3n IP transmitida por reCAPTCHA se mantendr\u00e1 separada de otros datos de Google. Para estos datos es v\u00e1lida la pol\u00edtica de privacidad de Google. Todos los detalles acerca de la pol\u00edtica de privacidad de Google se pueden leer en la p\u00e1gina <a href=\"https:\/\/policies.google.com\/privacy?hl=es\" target=\"_blank\" rel=\"noopener\">https:\/\/policies.google.com\/privacy?hl=es<\/a><\/p>\n<p>Al utilizar el servicio reCAPTCHA, el usuario consiente el tratamiento de los datos sobre \u00e9l de los que Google dispone en la forma y prop\u00f3sitos arriba establecidos.<\/p>\n<p>\u00a0<\/p>\n<p class=\"title-3\">EJERCICIO DE DERECHOS<\/p>\n<p>Usted puede dirigir las comunicaciones escritas para el ejercicio de sus derechos a:<\/p>\n<p>Promoinversora del Vall\u00e8s, S.L.<\/p>\n<p>B-62016720<\/p>\n<p>inscrita en el Registro Mercantil de Barcelona, en el tomo 31858, folio 4, hoja 198784, inscripci\u00f3n 1\u00aa, remitiendo sus solicitudes a la siguiente direcci\u00f3n:<\/p>\n<p>Promoinversora del Vall\u00e8s, S.L.<\/p>\n<p>Arim\u00f3n, 60-64, 08202, Sabadell, Barcelona<\/p>\n<p>Tambi\u00e9n puede dirigir sus comunicaciones a trav\u00e9s de los siguientes canales:<\/p>\n<ul>\n<li>Presencialmente, en nuestras oficinas<\/li>\n<li>Por correo electr\u00f3nico a la direcci\u00f3n <a href=\"mailto:rgpd@bmcglobal.net\">rgpd@bmcglobal.net<\/a><\/li>\n<li>Contactando al tel\u00e9fono +34 937484330 donde estamos a su disposici\u00f3n para atenderle.<\/li>\n<\/ul>\n<p>Las solicitudes de datos enviadas pueden requerir que usted proporcione la documentaci\u00f3n adicional necesaria para confirmar su identidad.<\/p>\n<p>En todo caso puede obtener informaci\u00f3n general sobre la privacidad y la Protecci\u00f3n de Datos Personales en el siguiente enlace: www.agpd.es<\/p>\n","protected":false},"excerpt":{"rendered":"<p>IMPORTANTE: le invitamos a que lea detenidamente esta Declaraci\u00f3n de Privacidad para conocer por qu\u00e9 recopilamos sus datos personales y c\u00f3mo son procesados dichos datos por Promoinversora del Vall\u00e8s, S.L., &hellip;<\/p>\n","protected":false},"author":1,"featured_media":0,"parent":0,"menu_order":0,"comment_status":"closed","ping_status":"closed","template":"page-templates\/page-basic-page.php","meta":{"_acf_changed":false,"footnotes":""},"class_list":["post-3","page","type-page","status-publish","hentry"],"acf":[],"yoast_head":"<!-- This site is optimized with the Yoast SEO plugin v27.5 - https:\/\/yoast.com\/product\/yoast-seo-wordpress\/ -->\n<title>Pol\u00edtica de privacidad - BMC Global<\/title>\n<meta name=\"description\" content=\"IMPORTANTE: le invitamos a que lea detenidamente esta Declaraci\u00f3n de Privacidad para conocer por qu\u00e9 recopilamos sus datos personales y c\u00f3mo son\" \/>\n<meta name=\"robots\" content=\"index, follow, max-snippet:-1, max-image-preview:large, max-video-preview:-1\" \/>\n<link rel=\"canonical\" href=\"https:\/\/bmcglobal.net\/es\/politica-privacidad\/\" \/>\n<meta property=\"og:locale\" content=\"es_ES\" \/>\n<meta property=\"og:type\" content=\"article\" \/>\n<meta property=\"og:title\" content=\"Pol\u00edtica de privacidad - BMC Global\" \/>\n<meta property=\"og:description\" content=\"IMPORTANTE: le invitamos a que lea detenidamente esta Declaraci\u00f3n de Privacidad para conocer por qu\u00e9 recopilamos sus datos personales y c\u00f3mo son\" \/>\n<meta property=\"og:url\" content=\"https:\/\/bmcglobal.net\/es\/politica-privacidad\/\" \/>\n<meta property=\"og:site_name\" content=\"BMC Global\" \/>\n<meta property=\"article:modified_time\" content=\"2023-01-13T09:13:42+00:00\" \/>\n<meta name=\"twitter:card\" content=\"summary_large_image\" \/>\n<meta name=\"twitter:label1\" content=\"Tiempo de lectura\" \/>\n\t<meta name=\"twitter:data1\" content=\"11 minutos\" \/>\n<script type=\"application\/ld+json\" class=\"yoast-schema-graph\">{\"@context\":\"https:\\\/\\\/schema.org\",\"@graph\":[{\"@type\":\"WebPage\",\"@id\":\"https:\\\/\\\/bmcglobal.net\\\/es\\\/politica-privacidad\\\/\",\"url\":\"https:\\\/\\\/bmcglobal.net\\\/es\\\/politica-privacidad\\\/\",\"name\":\"Pol\u00edtica de privacidad - BMC Global\",\"isPartOf\":{\"@id\":\"https:\\\/\\\/bmcglobal.net\\\/es\\\/#website\"},\"datePublished\":\"2022-03-30T09:27:15+00:00\",\"dateModified\":\"2023-01-13T09:13:42+00:00\",\"description\":\"IMPORTANTE: le invitamos a que lea detenidamente esta Declaraci\u00f3n de Privacidad para conocer por qu\u00e9 recopilamos sus datos personales y c\u00f3mo son\",\"breadcrumb\":{\"@id\":\"https:\\\/\\\/bmcglobal.net\\\/es\\\/politica-privacidad\\\/#breadcrumb\"},\"inLanguage\":\"es\",\"potentialAction\":[{\"@type\":\"ReadAction\",\"target\":[\"https:\\\/\\\/bmcglobal.net\\\/es\\\/politica-privacidad\\\/\"]}]},{\"@type\":\"BreadcrumbList\",\"@id\":\"https:\\\/\\\/bmcglobal.net\\\/es\\\/politica-privacidad\\\/#breadcrumb\",\"itemListElement\":[{\"@type\":\"ListItem\",\"position\":1,\"name\":\"Portada\",\"item\":\"https:\\\/\\\/bmcglobal.net\\\/es\\\/\"},{\"@type\":\"ListItem\",\"position\":2,\"name\":\"Pol\u00edtica de privacidad\"}]},{\"@type\":\"WebSite\",\"@id\":\"https:\\\/\\\/bmcglobal.net\\\/es\\\/#website\",\"url\":\"https:\\\/\\\/bmcglobal.net\\\/es\\\/\",\"name\":\"BMC Global\",\"description\":\"Viajes y eventos de empresa\",\"publisher\":{\"@id\":\"https:\\\/\\\/bmcglobal.net\\\/es\\\/#organization\"},\"potentialAction\":[{\"@type\":\"SearchAction\",\"target\":{\"@type\":\"EntryPoint\",\"urlTemplate\":\"https:\\\/\\\/bmcglobal.net\\\/es\\\/?s={search_term_string}\"},\"query-input\":{\"@type\":\"PropertyValueSpecification\",\"valueRequired\":true,\"valueName\":\"search_term_string\"}}],\"inLanguage\":\"es\"},{\"@type\":\"Organization\",\"@id\":\"https:\\\/\\\/bmcglobal.net\\\/es\\\/#organization\",\"name\":\"BMC Global\",\"url\":\"https:\\\/\\\/bmcglobal.net\\\/es\\\/\",\"logo\":{\"@type\":\"ImageObject\",\"inLanguage\":\"es\",\"@id\":\"https:\\\/\\\/bmcglobal.net\\\/es\\\/#\\\/schema\\\/logo\\\/image\\\/\",\"url\":\"https:\\\/\\\/bmcglobal.net\\\/wp-content\\\/uploads\\\/logo-bmcglobal.png\",\"contentUrl\":\"https:\\\/\\\/bmcglobal.net\\\/wp-content\\\/uploads\\\/logo-bmcglobal.png\",\"width\":3270,\"height\":709,\"caption\":\"BMC Global\"},\"image\":{\"@id\":\"https:\\\/\\\/bmcglobal.net\\\/es\\\/#\\\/schema\\\/logo\\\/image\\\/\"}}]}<\/script>\n<!-- \/ Yoast SEO plugin. -->","yoast_head_json":{"title":"Pol\u00edtica de privacidad - BMC Global","description":"IMPORTANTE: le invitamos a que lea detenidamente esta Declaraci\u00f3n de Privacidad para conocer por qu\u00e9 recopilamos sus datos personales y c\u00f3mo son","robots":{"index":"index","follow":"follow","max-snippet":"max-snippet:-1","max-image-preview":"max-image-preview:large","max-video-preview":"max-video-preview:-1"},"canonical":"https:\/\/bmcglobal.net\/es\/politica-privacidad\/","og_locale":"es_ES","og_type":"article","og_title":"Pol\u00edtica de privacidad - BMC Global","og_description":"IMPORTANTE: le invitamos a que lea detenidamente esta Declaraci\u00f3n de Privacidad para conocer por qu\u00e9 recopilamos sus datos personales y c\u00f3mo son","og_url":"https:\/\/bmcglobal.net\/es\/politica-privacidad\/","og_site_name":"BMC Global","article_modified_time":"2023-01-13T09:13:42+00:00","twitter_card":"summary_large_image","twitter_misc":{"Tiempo de lectura":"11 minutos"},"schema":{"@context":"https:\/\/schema.org","@graph":[{"@type":"WebPage","@id":"https:\/\/bmcglobal.net\/es\/politica-privacidad\/","url":"https:\/\/bmcglobal.net\/es\/politica-privacidad\/","name":"Pol\u00edtica de privacidad - BMC Global","isPartOf":{"@id":"https:\/\/bmcglobal.net\/es\/#website"},"datePublished":"2022-03-30T09:27:15+00:00","dateModified":"2023-01-13T09:13:42+00:00","description":"IMPORTANTE: le invitamos a que lea detenidamente esta Declaraci\u00f3n de Privacidad para conocer por qu\u00e9 recopilamos sus datos personales y c\u00f3mo son","breadcrumb":{"@id":"https:\/\/bmcglobal.net\/es\/politica-privacidad\/#breadcrumb"},"inLanguage":"es","potentialAction":[{"@type":"ReadAction","target":["https:\/\/bmcglobal.net\/es\/politica-privacidad\/"]}]},{"@type":"BreadcrumbList","@id":"https:\/\/bmcglobal.net\/es\/politica-privacidad\/#breadcrumb","itemListElement":[{"@type":"ListItem","position":1,"name":"Portada","item":"https:\/\/bmcglobal.net\/es\/"},{"@type":"ListItem","position":2,"name":"Pol\u00edtica de privacidad"}]},{"@type":"WebSite","@id":"https:\/\/bmcglobal.net\/es\/#website","url":"https:\/\/bmcglobal.net\/es\/","name":"BMC Global","description":"Viajes y eventos de empresa","publisher":{"@id":"https:\/\/bmcglobal.net\/es\/#organization"},"potentialAction":[{"@type":"SearchAction","target":{"@type":"EntryPoint","urlTemplate":"https:\/\/bmcglobal.net\/es\/?s={search_term_string}"},"query-input":{"@type":"PropertyValueSpecification","valueRequired":true,"valueName":"search_term_string"}}],"inLanguage":"es"},{"@type":"Organization","@id":"https:\/\/bmcglobal.net\/es\/#organization","name":"BMC Global","url":"https:\/\/bmcglobal.net\/es\/","logo":{"@type":"ImageObject","inLanguage":"es","@id":"https:\/\/bmcglobal.net\/es\/#\/schema\/logo\/image\/","url":"https:\/\/bmcglobal.net\/wp-content\/uploads\/logo-bmcglobal.png","contentUrl":"https:\/\/bmcglobal.net\/wp-content\/uploads\/logo-bmcglobal.png","width":3270,"height":709,"caption":"BMC Global"},"image":{"@id":"https:\/\/bmcglobal.net\/es\/#\/schema\/logo\/image\/"}}]}},"_links":{"self":[{"href":"https:\/\/bmcglobal.net\/es\/wp-json\/wp\/v2\/pages\/3","targetHints":{"allow":["GET"]}}],"collection":[{"href":"https:\/\/bmcglobal.net\/es\/wp-json\/wp\/v2\/pages"}],"about":[{"href":"https:\/\/bmcglobal.net\/es\/wp-json\/wp\/v2\/types\/page"}],"author":[{"embeddable":true,"href":"https:\/\/bmcglobal.net\/es\/wp-json\/wp\/v2\/users\/1"}],"replies":[{"embeddable":true,"href":"https:\/\/bmcglobal.net\/es\/wp-json\/wp\/v2\/comments?post=3"}],"version-history":[{"count":6,"href":"https:\/\/bmcglobal.net\/es\/wp-json\/wp\/v2\/pages\/3\/revisions"}],"predecessor-version":[{"id":2654,"href":"https:\/\/bmcglobal.net\/es\/wp-json\/wp\/v2\/pages\/3\/revisions\/2654"}],"wp:attachment":[{"href":"https:\/\/bmcglobal.net\/es\/wp-json\/wp\/v2\/media?parent=3"}],"curies":[{"name":"wp","href":"https:\/\/api.w.org\/{rel}","templated":true}]}}