{"id":755,"date":"2022-12-01T09:22:31","date_gmt":"2022-12-01T09:22:31","guid":{"rendered":"https:\/\/bmcglobal.net\/?page_id=755"},"modified":"2022-12-15T10:19:36","modified_gmt":"2022-12-15T10:19:36","slug":"te-gustaria-trabajar-con-nosotros","status":"publish","type":"page","link":"https:\/\/bmcglobal.net\/es\/te-gustaria-trabajar-con-nosotros\/","title":{"rendered":"\u00bfTe gustar\u00eda trabajar con nosotros?"},"content":{"rendered":"\n<div class=\"wp-block-contact-form-7-contact-form-selector\">\n<div class=\"wpcf7 no-js\" id=\"wpcf7-f761-o1\" lang=\"es-ES\" dir=\"ltr\" data-wpcf7-id=\"761\">\n<div class=\"screen-reader-response\"><p role=\"status\" aria-live=\"polite\" aria-atomic=\"true\"><\/p> <ul><\/ul><\/div>\n<form action=\"\/es\/wp-json\/wp\/v2\/pages\/755#wpcf7-f761-o1\" method=\"post\" class=\"wpcf7-form init wpcf7-acceptance-as-validation\" aria-label=\"Formulario de contacto\" enctype=\"multipart\/form-data\" novalidate=\"novalidate\" data-status=\"init\">\n<fieldset class=\"hidden-fields-container\"><input type=\"hidden\" name=\"_wpcf7\" value=\"761\" \/><input type=\"hidden\" name=\"_wpcf7_version\" value=\"6.1.5\" \/><input type=\"hidden\" name=\"_wpcf7_locale\" value=\"es_ES\" \/><input type=\"hidden\" name=\"_wpcf7_unit_tag\" value=\"wpcf7-f761-o1\" \/><input type=\"hidden\" name=\"_wpcf7_container_post\" value=\"0\" \/><input type=\"hidden\" name=\"_wpcf7_posted_data_hash\" value=\"\" \/>\n<\/fieldset>\n<div class=\"cont--title title-2\">\n\t<p>\u00a1Env\u00edanos tu CV!\n\t<\/p>\n<\/div>\n<p><span class=\"columns-two\"><br \/>\n<label for=\"nombre\" class=\"cont--input nombre\"><span class=\"label\">Tu nombre*<\/span><span class=\"wpcf7-form-control-wrap\" data-name=\"your-name\"><input size=\"40\" maxlength=\"400\" class=\"wpcf7-form-control wpcf7-text wpcf7-validates-as-required\" id=\"nombre\" aria-required=\"true\" aria-invalid=\"false\" placeholder=\"&nbsp;\" value=\"\" type=\"text\" name=\"your-name\" \/><\/span><\/label><br \/>\n<label for=\"email\" class=\"cont--input email\"><span class=\"label\">Tu email*<\/span><span class=\"wpcf7-form-control-wrap\" data-name=\"your-email\"><input size=\"40\" maxlength=\"400\" class=\"wpcf7-form-control wpcf7-email wpcf7-validates-as-required wpcf7-text wpcf7-validates-as-email\" id=\"email\" aria-required=\"true\" aria-invalid=\"false\" placeholder=\"&nbsp;\" value=\"\" type=\"email\" name=\"your-email\" \/><\/span><\/label><br \/>\n<label for=\"mensaje\" class=\"cont--input mensaje\"><span class=\"label\">Tu mensaje<\/span><span class=\"wpcf7-form-control-wrap\" data-name=\"your-message\"><input size=\"40\" maxlength=\"400\" class=\"wpcf7-form-control wpcf7-text\" id=\"mensaje\" aria-invalid=\"false\" placeholder=\"&nbsp;\" value=\"\" type=\"text\" name=\"your-message\" \/><\/span><\/label><br \/>\n<label for=\"cv\" class=\"cont--input cv\"><span class=\"label\">Adjuntar CV*<\/span><span class=\"wpcf7-form-control-wrap\" data-name=\"cv\"><input size=\"40\" class=\"wpcf7-form-control wpcf7-file wpcf7-validates-as-required\" id=\"cv\" accept=\".doc,.docx,.pdf,.odt\" aria-required=\"true\" aria-invalid=\"false\" type=\"file\" name=\"cv\" \/><\/span><\/label><br \/>\n<\/span><br \/>\n<span class=\"cont--input-checkbox\"><br \/>\n<label class=\"cbx politica\" for=\"politica\"><span><\/span><span>Acepto la recogida de mis datos y la <a href=\"\/es\/politica-privacidad\/\">pol\u00edtica de privacidad<\/a><\/span><\/label><br \/>\n<span class=\"wpcf7-form-control-wrap\" data-name=\"accept-this-1\"><span class=\"wpcf7-form-control wpcf7-acceptance\"><span class=\"wpcf7-list-item\"><input type=\"checkbox\" name=\"accept-this-1\" value=\"1\" class=\"inp-cbx\" id=\"politica\" aria-invalid=\"false\" \/><\/span><\/span><\/span><br \/>\n<\/span><br \/>\n<small>\"En nombre de la empresa tratamos la informaci\u00f3n que nos facilita con el fin de participar en nuestros procesos de selecci\u00f3n de personal. En caso de ser Ud. seleccionado para la siguiente fase le comunicaremos tal decisi\u00f3n. Los datos por Ud. proporcionados se conservar\u00e1n durante un tiempo m\u00e1ximo de 1 a\u00f1o, pasado el cual ser\u00e1n eliminados. En todo caso tiene derecho a acceder a sus datos personales, rectificar los datos inexactos o solicitar su supresi\u00f3n. Los datos no se ceder\u00e1n a terceros.\"<\/small><br \/>\n<small>Este sitio est\u00e1 protegido por reCAPTCHA y Google <a href=\"https:\/\/policies.google.com\/privacy\">Pol\u00edtica de privacidad<\/a> y se aplican<a href=\"https:\/\/policies.google.com\/terms\"> Condiciones del servicio<\/a>.<br \/>\n<\/small>\n<\/p>\n<p class=\"link--button\"><input class=\"wpcf7-form-control wpcf7-submit has-spinner\" type=\"submit\" value=\"Enviar CV\" \/>\n<\/p><div class=\"wpcf7-response-output\" aria-hidden=\"true\"><\/div>\n<\/form>\n<\/div>\n<\/div>\n","protected":false},"excerpt":{"rendered":"","protected":false},"author":1,"featured_media":0,"parent":0,"menu_order":0,"comment_status":"closed","ping_status":"closed","template":"page-templates\/page-basic-page.php","meta":{"_acf_changed":false,"footnotes":""},"class_list":["post-755","page","type-page","status-publish","hentry"],"acf":[],"yoast_head":"<!-- This site is optimized with the Yoast SEO plugin v27.4 - https:\/\/yoast.com\/product\/yoast-seo-wordpress\/ -->\n<title>\u00bfTe gustar\u00eda trabajar con nosotros? - BMC Global<\/title>\n<meta name=\"robots\" content=\"index, follow, max-snippet:-1, max-image-preview:large, max-video-preview:-1\" \/>\n<link rel=\"canonical\" href=\"https:\/\/bmcglobal.net\/es\/te-gustaria-trabajar-con-nosotros\/\" \/>\n<meta property=\"og:locale\" content=\"es_ES\" \/>\n<meta property=\"og:type\" content=\"article\" \/>\n<meta property=\"og:title\" content=\"\u00bfTe gustar\u00eda trabajar con nosotros? - BMC Global\" \/>\n<meta property=\"og:url\" content=\"https:\/\/bmcglobal.net\/es\/te-gustaria-trabajar-con-nosotros\/\" \/>\n<meta property=\"og:site_name\" content=\"BMC Global\" \/>\n<meta property=\"article:modified_time\" content=\"2022-12-15T10:19:36+00:00\" \/>\n<meta name=\"twitter:card\" content=\"summary_large_image\" \/>\n<meta name=\"twitter:label1\" content=\"Tiempo de lectura\" \/>\n\t<meta name=\"twitter:data1\" content=\"1 minuto\" \/>\n<script type=\"application\/ld+json\" class=\"yoast-schema-graph\">{\"@context\":\"https:\\\/\\\/schema.org\",\"@graph\":[{\"@type\":\"WebPage\",\"@id\":\"https:\\\/\\\/bmcglobal.net\\\/es\\\/te-gustaria-trabajar-con-nosotros\\\/\",\"url\":\"https:\\\/\\\/bmcglobal.net\\\/es\\\/te-gustaria-trabajar-con-nosotros\\\/\",\"name\":\"\u00bfTe gustar\u00eda trabajar con nosotros? - BMC Global\",\"isPartOf\":{\"@id\":\"https:\\\/\\\/bmcglobal.net\\\/es\\\/#website\"},\"datePublished\":\"2022-12-01T09:22:31+00:00\",\"dateModified\":\"2022-12-15T10:19:36+00:00\",\"breadcrumb\":{\"@id\":\"https:\\\/\\\/bmcglobal.net\\\/es\\\/te-gustaria-trabajar-con-nosotros\\\/#breadcrumb\"},\"inLanguage\":\"es\",\"potentialAction\":[{\"@type\":\"ReadAction\",\"target\":[\"https:\\\/\\\/bmcglobal.net\\\/es\\\/te-gustaria-trabajar-con-nosotros\\\/\"]}]},{\"@type\":\"BreadcrumbList\",\"@id\":\"https:\\\/\\\/bmcglobal.net\\\/es\\\/te-gustaria-trabajar-con-nosotros\\\/#breadcrumb\",\"itemListElement\":[{\"@type\":\"ListItem\",\"position\":1,\"name\":\"Portada\",\"item\":\"https:\\\/\\\/bmcglobal.net\\\/es\\\/\"},{\"@type\":\"ListItem\",\"position\":2,\"name\":\"\u00bfTe gustar\u00eda trabajar con nosotros?\"}]},{\"@type\":\"WebSite\",\"@id\":\"https:\\\/\\\/bmcglobal.net\\\/es\\\/#website\",\"url\":\"https:\\\/\\\/bmcglobal.net\\\/es\\\/\",\"name\":\"BMC Global\",\"description\":\"Viajes y eventos de empresa\",\"publisher\":{\"@id\":\"https:\\\/\\\/bmcglobal.net\\\/es\\\/#organization\"},\"potentialAction\":[{\"@type\":\"SearchAction\",\"target\":{\"@type\":\"EntryPoint\",\"urlTemplate\":\"https:\\\/\\\/bmcglobal.net\\\/es\\\/?s={search_term_string}\"},\"query-input\":{\"@type\":\"PropertyValueSpecification\",\"valueRequired\":true,\"valueName\":\"search_term_string\"}}],\"inLanguage\":\"es\"},{\"@type\":\"Organization\",\"@id\":\"https:\\\/\\\/bmcglobal.net\\\/es\\\/#organization\",\"name\":\"BMC Global\",\"url\":\"https:\\\/\\\/bmcglobal.net\\\/es\\\/\",\"logo\":{\"@type\":\"ImageObject\",\"inLanguage\":\"es\",\"@id\":\"https:\\\/\\\/bmcglobal.net\\\/es\\\/#\\\/schema\\\/logo\\\/image\\\/\",\"url\":\"https:\\\/\\\/bmcglobal.net\\\/wp-content\\\/uploads\\\/logo-bmcglobal.png\",\"contentUrl\":\"https:\\\/\\\/bmcglobal.net\\\/wp-content\\\/uploads\\\/logo-bmcglobal.png\",\"width\":3270,\"height\":709,\"caption\":\"BMC Global\"},\"image\":{\"@id\":\"https:\\\/\\\/bmcglobal.net\\\/es\\\/#\\\/schema\\\/logo\\\/image\\\/\"}}]}<\/script>\n<!-- \/ Yoast SEO plugin. -->","yoast_head_json":{"title":"\u00bfTe gustar\u00eda trabajar con nosotros? - BMC Global","robots":{"index":"index","follow":"follow","max-snippet":"max-snippet:-1","max-image-preview":"max-image-preview:large","max-video-preview":"max-video-preview:-1"},"canonical":"https:\/\/bmcglobal.net\/es\/te-gustaria-trabajar-con-nosotros\/","og_locale":"es_ES","og_type":"article","og_title":"\u00bfTe gustar\u00eda trabajar con nosotros? - BMC Global","og_url":"https:\/\/bmcglobal.net\/es\/te-gustaria-trabajar-con-nosotros\/","og_site_name":"BMC Global","article_modified_time":"2022-12-15T10:19:36+00:00","twitter_card":"summary_large_image","twitter_misc":{"Tiempo de lectura":"1 minuto"},"schema":{"@context":"https:\/\/schema.org","@graph":[{"@type":"WebPage","@id":"https:\/\/bmcglobal.net\/es\/te-gustaria-trabajar-con-nosotros\/","url":"https:\/\/bmcglobal.net\/es\/te-gustaria-trabajar-con-nosotros\/","name":"\u00bfTe gustar\u00eda trabajar con nosotros? - BMC Global","isPartOf":{"@id":"https:\/\/bmcglobal.net\/es\/#website"},"datePublished":"2022-12-01T09:22:31+00:00","dateModified":"2022-12-15T10:19:36+00:00","breadcrumb":{"@id":"https:\/\/bmcglobal.net\/es\/te-gustaria-trabajar-con-nosotros\/#breadcrumb"},"inLanguage":"es","potentialAction":[{"@type":"ReadAction","target":["https:\/\/bmcglobal.net\/es\/te-gustaria-trabajar-con-nosotros\/"]}]},{"@type":"BreadcrumbList","@id":"https:\/\/bmcglobal.net\/es\/te-gustaria-trabajar-con-nosotros\/#breadcrumb","itemListElement":[{"@type":"ListItem","position":1,"name":"Portada","item":"https:\/\/bmcglobal.net\/es\/"},{"@type":"ListItem","position":2,"name":"\u00bfTe gustar\u00eda trabajar con nosotros?"}]},{"@type":"WebSite","@id":"https:\/\/bmcglobal.net\/es\/#website","url":"https:\/\/bmcglobal.net\/es\/","name":"BMC Global","description":"Viajes y eventos de empresa","publisher":{"@id":"https:\/\/bmcglobal.net\/es\/#organization"},"potentialAction":[{"@type":"SearchAction","target":{"@type":"EntryPoint","urlTemplate":"https:\/\/bmcglobal.net\/es\/?s={search_term_string}"},"query-input":{"@type":"PropertyValueSpecification","valueRequired":true,"valueName":"search_term_string"}}],"inLanguage":"es"},{"@type":"Organization","@id":"https:\/\/bmcglobal.net\/es\/#organization","name":"BMC Global","url":"https:\/\/bmcglobal.net\/es\/","logo":{"@type":"ImageObject","inLanguage":"es","@id":"https:\/\/bmcglobal.net\/es\/#\/schema\/logo\/image\/","url":"https:\/\/bmcglobal.net\/wp-content\/uploads\/logo-bmcglobal.png","contentUrl":"https:\/\/bmcglobal.net\/wp-content\/uploads\/logo-bmcglobal.png","width":3270,"height":709,"caption":"BMC Global"},"image":{"@id":"https:\/\/bmcglobal.net\/es\/#\/schema\/logo\/image\/"}}]}},"_links":{"self":[{"href":"https:\/\/bmcglobal.net\/es\/wp-json\/wp\/v2\/pages\/755","targetHints":{"allow":["GET"]}}],"collection":[{"href":"https:\/\/bmcglobal.net\/es\/wp-json\/wp\/v2\/pages"}],"about":[{"href":"https:\/\/bmcglobal.net\/es\/wp-json\/wp\/v2\/types\/page"}],"author":[{"embeddable":true,"href":"https:\/\/bmcglobal.net\/es\/wp-json\/wp\/v2\/users\/1"}],"replies":[{"embeddable":true,"href":"https:\/\/bmcglobal.net\/es\/wp-json\/wp\/v2\/comments?post=755"}],"version-history":[{"count":0,"href":"https:\/\/bmcglobal.net\/es\/wp-json\/wp\/v2\/pages\/755\/revisions"}],"wp:attachment":[{"href":"https:\/\/bmcglobal.net\/es\/wp-json\/wp\/v2\/media?parent=755"}],"curies":[{"name":"wp","href":"https:\/\/api.w.org\/{rel}","templated":true}]}}